{"id":578,"date":"2024-05-15T16:34:59","date_gmt":"2024-05-15T16:34:59","guid":{"rendered":"https:\/\/ag-unternehmensberatung.de\/home\/?page_id=578"},"modified":"2024-05-15T17:35:06","modified_gmt":"2024-05-15T17:35:06","slug":"stresspraevention","status":"publish","type":"page","link":"https:\/\/ag-unternehmensberatung.de\/home\/stresspraevention","title":{"rendered":"Stresspr\u00e4vention"},"content":{"rendered":"\n<div style=\"height:25px\" aria-hidden=\"true\" class=\"wp-block-spacer\"><\/div>\n\n\n\n<p class=\"has-text-align-center has-white-color has-custom-dunkles-blau-background-color has-text-color has-background has-link-color has-bad-script-font-family wp-elements-441370a21262edd1d79dfa0323cfaab1\" style=\"font-size:24px;line-height:1.5\"><em>&#8222;Nicht die Menge der Arbeit verursacht den allt\u00e4glichen Stress, sondern der Mensch, der dich ihretwegen kritisiert und unter Druck setzt. <\/em><br><em>Zugegeben: Manchmal bist du selbst dieser Mensch.&#8220; &#8211; Peter Hohl<\/em><\/p>\n\n\n\n<div style=\"height:25px\" aria-hidden=\"true\" class=\"wp-block-spacer\"><\/div>\n\n\n\n<div class=\"wp-block-columns are-vertically-aligned-top is-layout-flex wp-container-core-columns-is-layout-28f84493 wp-block-columns-is-layout-flex\">\n<div class=\"wp-block-column is-vertically-aligned-top is-layout-flow wp-container-core-column-is-layout-918ae4a1 wp-block-column-is-layout-flow\" style=\"padding-top:var(--wp--preset--spacing--30);padding-right:0;padding-bottom:var(--wp--preset--spacing--30);padding-left:0;flex-basis:33.33%\">\n<figure class=\"wp-block-image aligncenter size-large has-custom-border\"><img loading=\"lazy\" decoding=\"async\" width=\"1024\" height=\"683\" src=\"https:\/\/ag-unternehmensberatung.de\/wp-content\/uploads\/2024\/05\/rock-climbing-1283693_1920-1-1024x683.jpg\" alt=\"\" class=\"wp-image-590\" style=\"border-radius:5px;object-fit:cover\" srcset=\"https:\/\/ag-unternehmensberatung.de\/wp-content\/uploads\/2024\/05\/rock-climbing-1283693_1920-1-1024x683.jpg 1024w, https:\/\/ag-unternehmensberatung.de\/wp-content\/uploads\/2024\/05\/rock-climbing-1283693_1920-1-300x200.jpg 300w, https:\/\/ag-unternehmensberatung.de\/wp-content\/uploads\/2024\/05\/rock-climbing-1283693_1920-1-768x512.jpg 768w, https:\/\/ag-unternehmensberatung.de\/wp-content\/uploads\/2024\/05\/rock-climbing-1283693_1920-1-1536x1024.jpg 1536w, https:\/\/ag-unternehmensberatung.de\/wp-content\/uploads\/2024\/05\/rock-climbing-1283693_1920-1.jpg 1920w\" sizes=\"auto, (max-width: 1024px) 100vw, 1024px\" \/><\/figure>\n<\/div>\n\n\n\n<div class=\"wp-block-column is-vertically-aligned-top is-layout-flow wp-block-column-is-layout-flow\" style=\"flex-basis:66.66%\">\n<p class=\"has-roboto-font-family\"><strong>Sind Ihre Mitarbeiter den wachsenden Anforderungen des Arbeitsalltags gewachsen?<\/strong><\/p>\n\n\n\n<p class=\"has-roboto-font-family\"><strong>Stellen Sie sich vor:<\/strong> Ihr Team meistert jede Herausforderung mit Leichtigkeit und strahlt pure Energie aus. Stress und Burnout sind Fremdworte. <strong>Ihre Mitarbeiter sind mental stark und resilient \u2013 die perfekte Grundlage f\u00fcr nachhaltigen Erfolg!<\/strong><\/p>\n\n\n\n<p class=\"has-roboto-font-family\"><strong>Mit meiner Expertise k\u00f6nnen Sie diese Vision Realit\u00e4t werden lassen!<\/strong><\/p>\n\n\n\n<p class=\"has-roboto-font-family\"><strong>Gemeinsam st\u00e4rken wir die mentale Gesundheit Ihrer Mitarbeiter und machen Ihr Unternehmen zu einem Ort des Wohlbefindens.<\/strong> So steigern Sie die Produktivit\u00e4t, senken die Fehlzeiten und sichern Ihre Wettbewerbsf\u00e4higkeit.<\/p>\n\n\n\n<p class=\"has-roboto-font-family\"><strong>Profitieren Sie von meiner Erfahrung:<\/strong><\/p>\n\n\n\n<ul class=\"wp-block-list\">\n<li style=\"text-transform:none\" class=\"has-roboto-font-family\"><strong>Stresspr\u00e4vention:<\/strong> Wir entwickeln wirksame Strategien zum Abbau von Stress.<\/li>\n\n\n\n<li style=\"text-transform:none\" class=\"has-roboto-font-family\"><strong>Resilienztraining:<\/strong> Wir st\u00e4rken die mentale Widerstandsf\u00e4higkeit Ihrer Mitarbeiter.<\/li>\n\n\n\n<li style=\"text-transform:none\" class=\"has-roboto-font-family\"><strong>BGM-Konzepte:<\/strong> Wir etablieren ein umfassendes Betriebliches Gesundheitsmanagement.<\/li>\n<\/ul>\n\n\n\n<p class=\"has-roboto-font-family\"><strong>Sind Sie bereit, Ihr Unternehmen zu einem Ort des Wohlbefindens und der H\u00f6chstleistung zu machen?<\/strong><\/p>\n\n\n\n<p class=\"has-roboto-font-family\"><strong>Dann lassen Sie uns gemeinsam die mentale Gesundheit Ihrer Mitarbeiter st\u00e4rken!<\/strong><\/p>\n\n\n\n<p class=\"has-roboto-font-family\"><strong>Kontaktieren Sie mich noch heute f\u00fcr ein kostenloses Erstgespr\u00e4ch.<\/strong><\/p>\n\n\n\n<p class=\"has-roboto-font-family\"><strong>Gemeinsam gestalten wir eine Zukunft voller Energie und Leistungsf\u00e4higkeit!<\/strong><\/p>\n\n\n\n<div style=\"height:25px\" aria-hidden=\"true\" class=\"wp-block-spacer\"><\/div>\n\n\n\n<div class=\"wp-block-buttons is-layout-flex wp-block-buttons-is-layout-flex\">\n<div class=\"wp-block-button\"><a class=\"wp-block-button__link wp-element-button\">Kontaktieren Sie mich noch heute f\u00fcr ein kostenloses Erstgespr\u00e4ch.<\/a><\/div>\n<\/div>\n<\/div>\n<\/div>\n\n\n\n<div style=\"height:25px\" aria-hidden=\"true\" class=\"wp-block-spacer\"><\/div>\n\n\n\n<div style=\"height:25px\" aria-hidden=\"true\" class=\"wp-block-spacer\"><\/div>\n\n\n\n<figure class=\"wp-block-pullquote has-text-align-center has-custom-dunkles-blau-color has-text-color has-link-color has-roboto-font-family has-normal-font-size wp-elements-1475bf88d70f41371a71c25363d82e4e\"><blockquote><p><strong>Jetzt F\u00f6rdermittel nutzen!<\/strong><br><strong>Beratungs- &amp; Coaching-F\u00f6rderung f\u00fcr junge Unternehmen (Start-ups) sowie kleine und mittlere hessische Unternehmen<\/strong><br><br>Als qualifizierter Berater arbeite ich mit dem RKW-Hessen zusammen, so dass meine Beratung bezuschusst werden kann. <br>Der Zuschuss zum Beratungshonorar betr\u00e4gt max. 400,- Euro je Tagewerk (max. 50 Prozent).<br>F\u00fcr alle F\u00f6rderprogramme k\u00f6nnen KMU insgesamt max. 15 Tagewerke F\u00f6rderung je Kalenderjahr in Anspruch nehmen.<br>Gef\u00f6rdert durch das Hessische Ministerium f\u00fcr Wirtschaft, Energie, Verkehr, Wohnen und l\u00e4ndlichen Raum.<\/p><\/blockquote><\/figure>\n\n\n\n<div style=\"height:25px\" aria-hidden=\"true\" class=\"wp-block-spacer\"><\/div>\n\n\n\n<div class=\"wp-block-columns is-layout-flex wp-container-core-columns-is-layout-28f84493 wp-block-columns-is-layout-flex\">\n<div class=\"wp-block-column is-layout-flow wp-block-column-is-layout-flow\">\n<div class=\"wp-block-buttons is-content-justification-center is-layout-flex wp-container-core-buttons-is-layout-a89b3969 wp-block-buttons-is-layout-flex\">\n<div class=\"wp-block-button\"><a class=\"wp-block-button__link wp-element-button\" href=\"Mailto:Info@ag-unternehmensberatung.de\">Verlieren Sie keine Zeit &#8211; Jetzt unverbindliches Erstgespr\u00e4ch vereinbaren<\/a><\/div>\n<\/div>\n<\/div>\n<\/div>\n\n\n\n<div style=\"height:25px\" aria-hidden=\"true\" class=\"wp-block-spacer\"><\/div>\n","protected":false},"excerpt":{"rendered":"<p>&#8222;Nicht die Menge der Arbeit verursacht den allt\u00e4glichen Stress, sondern der Mensch, der dich ihretwegen [&hellip;]<\/p>\n","protected":false},"author":1,"featured_media":0,"parent":0,"menu_order":0,"comment_status":"closed","ping_status":"closed","template":"","meta":{"footnotes":""},"class_list":["post-578","page","type-page","status-publish","hentry"],"_links":{"self":[{"href":"https:\/\/ag-unternehmensberatung.de\/home\/wp-json\/wp\/v2\/pages\/578","targetHints":{"allow":["GET"]}}],"collection":[{"href":"https:\/\/ag-unternehmensberatung.de\/home\/wp-json\/wp\/v2\/pages"}],"about":[{"href":"https:\/\/ag-unternehmensberatung.de\/home\/wp-json\/wp\/v2\/types\/page"}],"author":[{"embeddable":true,"href":"https:\/\/ag-unternehmensberatung.de\/home\/wp-json\/wp\/v2\/users\/1"}],"replies":[{"embeddable":true,"href":"https:\/\/ag-unternehmensberatung.de\/home\/wp-json\/wp\/v2\/comments?post=578"}],"version-history":[{"count":12,"href":"https:\/\/ag-unternehmensberatung.de\/home\/wp-json\/wp\/v2\/pages\/578\/revisions"}],"predecessor-version":[{"id":692,"href":"https:\/\/ag-unternehmensberatung.de\/home\/wp-json\/wp\/v2\/pages\/578\/revisions\/692"}],"wp:attachment":[{"href":"https:\/\/ag-unternehmensberatung.de\/home\/wp-json\/wp\/v2\/media?parent=578"}],"curies":[{"name":"wp","href":"https:\/\/api.w.org\/{rel}","templated":true}]}}