{"id":569,"date":"2024-05-15T16:36:14","date_gmt":"2024-05-15T16:36:14","guid":{"rendered":"https:\/\/ag-unternehmensberatung.de\/home\/?page_id=569"},"modified":"2024-05-15T16:36:14","modified_gmt":"2024-05-15T16:36:14","slug":"personalmarketing","status":"publish","type":"page","link":"https:\/\/ag-unternehmensberatung.de\/home\/personalmarketing","title":{"rendered":"Personalmarketing"},"content":{"rendered":"\n<div style=\"height:25px\" aria-hidden=\"true\" class=\"wp-block-spacer\"><\/div>\n\n\n\n<div class=\"wp-block-columns is-layout-flex wp-container-core-columns-is-layout-28f84493 wp-block-columns-is-layout-flex\">\n<div class=\"wp-block-column is-layout-flow wp-block-column-is-layout-flow\">\n<p class=\"has-text-align-center has-white-color has-custom-dunkles-blau-background-color has-text-color has-background has-link-color has-bad-script-font-family wp-elements-4563284009a984af6d7be06d234adc6f\" style=\"font-size:24px\">&#8222;Es ist nicht genug, besch\u00e4ftigt zu sein. Man muss auch etwas Sinnvolles tun.&#8220; &#8211; John Ruskin<\/p>\n<\/div>\n<\/div>\n\n\n\n<div style=\"height:25px\" aria-hidden=\"true\" class=\"wp-block-spacer\"><\/div>\n\n\n\n<div class=\"wp-block-columns are-vertically-aligned-top is-layout-flex wp-container-core-columns-is-layout-28f84493 wp-block-columns-is-layout-flex\">\n<div class=\"wp-block-column is-vertically-aligned-top is-layout-flow wp-container-core-column-is-layout-918ae4a1 wp-block-column-is-layout-flow\" style=\"padding-top:var(--wp--preset--spacing--30);padding-right:0;padding-bottom:var(--wp--preset--spacing--30);padding-left:0;flex-basis:33.33%\">\n<figure class=\"wp-block-image aligncenter size-large has-custom-border\"><img loading=\"lazy\" decoding=\"async\" width=\"1024\" height=\"577\" src=\"https:\/\/ag-unternehmensberatung.de\/wp-content\/uploads\/2024\/05\/ulrichshorn-873652_19201-1024x577.jpg\" alt=\"\" class=\"wp-image-627\" style=\"border-radius:5px;object-fit:cover\" srcset=\"https:\/\/ag-unternehmensberatung.de\/wp-content\/uploads\/2024\/05\/ulrichshorn-873652_19201-1024x577.jpg 1024w, https:\/\/ag-unternehmensberatung.de\/wp-content\/uploads\/2024\/05\/ulrichshorn-873652_19201-300x169.jpg 300w, https:\/\/ag-unternehmensberatung.de\/wp-content\/uploads\/2024\/05\/ulrichshorn-873652_19201-768x432.jpg 768w, https:\/\/ag-unternehmensberatung.de\/wp-content\/uploads\/2024\/05\/ulrichshorn-873652_19201-1536x865.jpg 1536w, https:\/\/ag-unternehmensberatung.de\/wp-content\/uploads\/2024\/05\/ulrichshorn-873652_19201.jpg 1920w\" sizes=\"auto, (max-width: 1024px) 100vw, 1024px\" \/><\/figure>\n<\/div>\n\n\n\n<div class=\"wp-block-column is-vertically-aligned-top is-layout-flow wp-block-column-is-layout-flow\" style=\"flex-basis:66.66%\">\n<p><strong>Sind Sie es leid, mit unmotivierten Mitarbeitern und hoher Fluktuation zu k\u00e4mpfen?<\/strong><\/p>\n\n\n\n<p><strong>Stellen Sie sich vor:<\/strong> Sie blicken auf ein Team voller engagierter und leistungsstarker Mitarbeiter. Jeder Einzelne bringt seine St\u00e4rken ein und arbeitet mit Freude und Eigeninitiative. <strong>Ihr Unternehmen ist ein Magnet f\u00fcr Top-Talente und strahlt aus: Hier wird man wertgesch\u00e4tzt!<\/strong><\/p>\n\n\n\n<p><strong>Mit meiner Expertise k\u00f6nnen Sie diese Vision Realit\u00e4t werden lassen!<\/strong><\/p>\n\n\n\n<p><strong>Gemeinsam schaffen wir eine Unternehmenskultur, die motiviert, bindet und begeistert.<\/strong> So gewinnen Sie den Fachkr\u00e4ftemangel, senken den Krankenstand und sichern Ihre Wettbewerbsf\u00e4higkeit.<\/p>\n\n\n\n<p><strong>Profitieren Sie von meiner Erfahrung:<\/strong><\/p>\n\n\n\n<ul class=\"wp-block-list\">\n<li style=\"text-transform:none\"><strong>Mitarbeitermotivation:<\/strong> Wir entwickeln eine Unternehmenskultur, die Begeisterung f\u00f6rdert.<\/li>\n\n\n\n<li style=\"text-transform:none\"><strong>Mitarbeiterbindung:<\/strong> Wir schaffen ein Umfeld, in dem sich Ihre Mitarbeiter wertgesch\u00e4tzt f\u00fchlen.<\/li>\n\n\n\n<li style=\"text-transform:none\"><strong>Gesundes Arbeitsumfeld:<\/strong> Wir reduzieren Stress und f\u00f6rdern das Wohlbefinden Ihrer Mitarbeiter.<\/li>\n<\/ul>\n\n\n\n<p><strong>Sind Sie bereit, Ihr Unternehmen zu einem Leuchtturm f\u00fcr Mitarbeiterfreundlichkeit zu machen?<\/strong><\/p>\n\n\n\n<p><strong>Dann lassen Sie uns gemeinsam Ihre Unternehmenskultur transformieren!<\/strong><\/p>\n\n\n\n<div style=\"height:20px\" aria-hidden=\"true\" class=\"wp-block-spacer\"><\/div>\n\n\n\n<div class=\"wp-block-buttons is-layout-flex wp-block-buttons-is-layout-flex\">\n<div class=\"wp-block-button\"><a class=\"wp-block-button__link wp-element-button\" href=\"mailto:Info@ag-unternehmensberatung.de\">Kontaktieren Sie mich noch heute f\u00fcr ein kostenloses Erstgespr\u00e4ch.<\/a><\/div>\n<\/div>\n<\/div>\n<\/div>\n\n\n\n<div style=\"height:25px\" aria-hidden=\"true\" class=\"wp-block-spacer\"><\/div>\n\n\n\n<div style=\"height:25px\" aria-hidden=\"true\" class=\"wp-block-spacer\"><\/div>\n\n\n\n<figure class=\"wp-block-pullquote has-text-align-center has-custom-dunkles-blau-color has-text-color has-link-color has-roboto-font-family has-normal-font-size wp-elements-1475bf88d70f41371a71c25363d82e4e\"><blockquote><p><strong>Jetzt F\u00f6rdermittel nutzen!<\/strong><br><strong>Beratungs- &amp; Coaching-F\u00f6rderung f\u00fcr junge Unternehmen (Start-ups) sowie kleine und mittlere hessische Unternehmen<\/strong><br><br>Als qualifizierter Berater arbeite ich mit dem RKW-Hessen zusammen, so dass meine Beratung bezuschusst werden kann. <br>Der Zuschuss zum Beratungshonorar betr\u00e4gt max. 400,- Euro je Tagewerk (max. 50 Prozent).<br>F\u00fcr alle F\u00f6rderprogramme k\u00f6nnen KMU insgesamt max. 15 Tagewerke F\u00f6rderung je Kalenderjahr in Anspruch nehmen.<br>Gef\u00f6rdert durch das Hessische Ministerium f\u00fcr Wirtschaft, Energie, Verkehr, Wohnen und l\u00e4ndlichen Raum.<\/p><\/blockquote><\/figure>\n\n\n\n<div style=\"height:25px\" aria-hidden=\"true\" class=\"wp-block-spacer\"><\/div>\n\n\n\n<div class=\"wp-block-columns is-layout-flex wp-container-core-columns-is-layout-28f84493 wp-block-columns-is-layout-flex\">\n<div class=\"wp-block-column is-layout-flow wp-block-column-is-layout-flow\">\n<div class=\"wp-block-buttons is-content-justification-center is-layout-flex wp-container-core-buttons-is-layout-a89b3969 wp-block-buttons-is-layout-flex\">\n<div class=\"wp-block-button\"><a class=\"wp-block-button__link wp-element-button\" href=\"Mailto:Info@ag-unternehmensberatung.de\">VErlieren Sie keine Zeit &#8211; Vereinbaren Sie jetzt ein kostenloses Erstgespr\u00e4ch<\/a><\/div>\n<\/div>\n<\/div>\n<\/div>\n\n\n\n<div style=\"height:25px\" aria-hidden=\"true\" class=\"wp-block-spacer\"><\/div>\n","protected":false},"excerpt":{"rendered":"<p>&#8222;Es ist nicht genug, besch\u00e4ftigt zu sein. Man muss auch etwas Sinnvolles tun.&#8220; &#8211; John [&hellip;]<\/p>\n","protected":false},"author":1,"featured_media":0,"parent":0,"menu_order":0,"comment_status":"closed","ping_status":"closed","template":"","meta":{"footnotes":""},"class_list":["post-569","page","type-page","status-publish","hentry"],"_links":{"self":[{"href":"https:\/\/ag-unternehmensberatung.de\/home\/wp-json\/wp\/v2\/pages\/569","targetHints":{"allow":["GET"]}}],"collection":[{"href":"https:\/\/ag-unternehmensberatung.de\/home\/wp-json\/wp\/v2\/pages"}],"about":[{"href":"https:\/\/ag-unternehmensberatung.de\/home\/wp-json\/wp\/v2\/types\/page"}],"author":[{"embeddable":true,"href":"https:\/\/ag-unternehmensberatung.de\/home\/wp-json\/wp\/v2\/users\/1"}],"replies":[{"embeddable":true,"href":"https:\/\/ag-unternehmensberatung.de\/home\/wp-json\/wp\/v2\/comments?post=569"}],"version-history":[{"count":13,"href":"https:\/\/ag-unternehmensberatung.de\/home\/wp-json\/wp\/v2\/pages\/569\/revisions"}],"predecessor-version":[{"id":671,"href":"https:\/\/ag-unternehmensberatung.de\/home\/wp-json\/wp\/v2\/pages\/569\/revisions\/671"}],"wp:attachment":[{"href":"https:\/\/ag-unternehmensberatung.de\/home\/wp-json\/wp\/v2\/media?parent=569"}],"curies":[{"name":"wp","href":"https:\/\/api.w.org\/{rel}","templated":true}]}}