{"id":550,"date":"2024-05-15T16:40:07","date_gmt":"2024-05-15T16:40:07","guid":{"rendered":"https:\/\/ag-unternehmensberatung.de\/home\/?page_id=550"},"modified":"2024-05-15T16:40:07","modified_gmt":"2024-05-15T16:40:07","slug":"organisationsberatung","status":"publish","type":"page","link":"https:\/\/ag-unternehmensberatung.de\/home\/organisationsberatung","title":{"rendered":"Organisationsberatung"},"content":{"rendered":"\n<div style=\"height:25px\" aria-hidden=\"true\" class=\"wp-block-spacer\"><\/div>\n\n\n\n<div class=\"wp-block-columns is-layout-flex wp-container-core-columns-is-layout-28f84493 wp-block-columns-is-layout-flex\">\n<div class=\"wp-block-column is-layout-flow wp-block-column-is-layout-flow\">\n<p class=\"has-text-align-center has-white-color has-custom-dunkles-blau-background-color has-text-color has-background has-link-color has-bad-script-font-family wp-elements-af62cde7d0da91cdc6b0d13a10775e1e\" style=\"font-size:24px\">&#8222;Tue weniger, aber tue es besser.&#8220; &#8211; Aristoteles<\/p>\n<\/div>\n<\/div>\n\n\n\n<div style=\"height:25px\" aria-hidden=\"true\" class=\"wp-block-spacer\"><\/div>\n\n\n\n<div class=\"wp-block-columns are-vertically-aligned-top is-layout-flex wp-container-core-columns-is-layout-28f84493 wp-block-columns-is-layout-flex\">\n<div class=\"wp-block-column is-vertically-aligned-top is-layout-flow wp-container-core-column-is-layout-918ae4a1 wp-block-column-is-layout-flow\" style=\"padding-top:var(--wp--preset--spacing--30);padding-right:0;padding-bottom:var(--wp--preset--spacing--30);padding-left:0;flex-basis:33.33%\">\n<figure class=\"wp-block-image aligncenter size-large has-custom-border\"><img loading=\"lazy\" decoding=\"async\" width=\"1024\" height=\"683\" src=\"https:\/\/ag-unternehmensberatung.de\/wp-content\/uploads\/2024\/05\/wrench-717684_1920-1024x683.jpg\" alt=\"\" class=\"wp-image-551\" style=\"border-radius:5px;object-fit:cover\" srcset=\"https:\/\/ag-unternehmensberatung.de\/wp-content\/uploads\/2024\/05\/wrench-717684_1920-1024x683.jpg 1024w, https:\/\/ag-unternehmensberatung.de\/wp-content\/uploads\/2024\/05\/wrench-717684_1920-300x200.jpg 300w, https:\/\/ag-unternehmensberatung.de\/wp-content\/uploads\/2024\/05\/wrench-717684_1920-768x512.jpg 768w, https:\/\/ag-unternehmensberatung.de\/wp-content\/uploads\/2024\/05\/wrench-717684_1920-1536x1024.jpg 1536w, https:\/\/ag-unternehmensberatung.de\/wp-content\/uploads\/2024\/05\/wrench-717684_1920.jpg 1920w\" sizes=\"auto, (max-width: 1024px) 100vw, 1024px\" \/><\/figure>\n<\/div>\n\n\n\n<div class=\"wp-block-column is-vertically-aligned-top is-layout-flow wp-block-column-is-layout-flow\" style=\"flex-basis:66.66%\">\n<p><strong>F\u00fchlen Sie sich \u00fcberfordert mit komplexen Prozessen und unklaren Strukturen?<\/strong><\/p>\n\n\n\n<p><strong>Stellen Sie sich vor:<\/strong> Sie blicken auf ein Unternehmen, in dem jeder Handgriff sitzt. Klar definierte Prozesse, eindeutige Verantwortlichkeiten und motivierte Mitarbeiter, die ihre Aufgaben mit Freude und Effizienz bew\u00e4ltigen. <br><strong>Ihr Unternehmen strahlt Souver\u00e4nit\u00e4t und Professionalit\u00e4t aus.<\/strong><\/p>\n\n\n\n<p><strong>Mit meiner Expertise k\u00f6nnen Sie diese Vision Realit\u00e4t werden lassen!<\/strong><\/p>\n\n\n\n<p><strong>Gemeinsam optimieren wir Ihre Prozesse, schaffen rechtssichere Strukturen und etablieren klare Kompetenzen.<\/strong> <br>So gewinnen Sie die Kontrolle zur\u00fcck, entlasten Ihre Mitarbeiter und schaffen die Grundlage f\u00fcr nachhaltiges Wachstum.<\/p>\n\n\n\n<p><strong>Profitieren Sie von meiner Erfahrung:<\/strong><\/p>\n\n\n\n<ul class=\"wp-block-list\">\n<li style=\"text-transform:none\"><strong>Prozessoptimierung:<\/strong> Wir analysieren Ihre Abl\u00e4ufe und identifizieren Verbesserungspotenziale<\/li>\n\n\n\n<li style=\"text-transform:none\"><strong>Strukturierung:<\/strong> Wir schaffen klare Verantwortlichkeiten und eindeutige Kommunikationswege.<\/li>\n\n\n\n<li style=\"text-transform:none\"><strong>Dokumentation:<\/strong> Ich erstelle die Dokumentation nach DIN ISO 9001 und begleite Sie bei den Audits.<\/li>\n<\/ul>\n\n\n\n<p><strong>Sind Sie bereit, Ihr Unternehmen auf die n\u00e4chste Stufe zu heben?<\/strong><\/p>\n\n\n\n<p><strong>Dann lassen Sie uns gemeinsam Ihr Potenzial entfesseln!<\/strong><\/p>\n\n\n\n<p><strong>Gemeinsam gestalten wir Ihre unternehmerische Zukunft!<\/strong><\/p>\n\n\n\n<div style=\"height:20px\" aria-hidden=\"true\" class=\"wp-block-spacer\"><\/div>\n\n\n\n<div class=\"wp-block-buttons is-layout-flex wp-block-buttons-is-layout-flex\">\n<div class=\"wp-block-button\"><a class=\"wp-block-button__link wp-element-button\" href=\"mailto:Info@ag-unternehmensberatung.de\">Kontaktieren Sie mich noch heute f\u00fcr ein kostenloses Erstgespr\u00e4ch.<\/a><\/div>\n<\/div>\n<\/div>\n<\/div>\n\n\n\n<div style=\"height:25px\" aria-hidden=\"true\" class=\"wp-block-spacer\"><\/div>\n\n\n\n<div style=\"height:25px\" aria-hidden=\"true\" class=\"wp-block-spacer\"><\/div>\n\n\n\n<figure class=\"wp-block-pullquote has-text-align-center has-custom-dunkles-blau-color has-text-color has-link-color has-roboto-font-family has-normal-font-size wp-elements-1475bf88d70f41371a71c25363d82e4e\"><blockquote><p><strong>Jetzt F\u00f6rdermittel nutzen!<\/strong><br><strong>Beratungs- &amp; Coaching-F\u00f6rderung f\u00fcr junge Unternehmen (Start-ups) sowie kleine und mittlere hessische Unternehmen<\/strong><br><br>Als qualifizierter Berater arbeite ich mit dem RKW-Hessen zusammen, so dass meine Beratung bezuschusst werden kann. <br>Der Zuschuss zum Beratungshonorar betr\u00e4gt max. 400,- Euro je Tagewerk (max. 50 Prozent).<br>F\u00fcr alle F\u00f6rderprogramme k\u00f6nnen KMU insgesamt max. 15 Tagewerke F\u00f6rderung je Kalenderjahr in Anspruch nehmen.<br>Gef\u00f6rdert durch das Hessische Ministerium f\u00fcr Wirtschaft, Energie, Verkehr, Wohnen und l\u00e4ndlichen Raum.<\/p><\/blockquote><\/figure>\n\n\n\n<div style=\"height:25px\" aria-hidden=\"true\" class=\"wp-block-spacer\"><\/div>\n\n\n\n<div class=\"wp-block-columns is-layout-flex wp-container-core-columns-is-layout-28f84493 wp-block-columns-is-layout-flex\">\n<div class=\"wp-block-column is-layout-flow wp-block-column-is-layout-flow\">\n<div class=\"wp-block-buttons is-content-justification-center is-layout-flex wp-container-core-buttons-is-layout-a89b3969 wp-block-buttons-is-layout-flex\">\n<div class=\"wp-block-button\"><a class=\"wp-block-button__link wp-element-button\" href=\"Mailto:Info@ag-unternehmensberatung.de\">Verlieren Sie keine Zeit &#8211; Jetzt unverbindliches Erstgespr\u00e4ch vereinbaren<\/a><\/div>\n<\/div>\n<\/div>\n<\/div>\n\n\n\n<div style=\"height:25px\" aria-hidden=\"true\" class=\"wp-block-spacer\"><\/div>\n","protected":false},"excerpt":{"rendered":"<p>&#8222;Tue weniger, aber tue es besser.&#8220; &#8211; Aristoteles F\u00fchlen Sie sich \u00fcberfordert mit komplexen Prozessen [&hellip;]<\/p>\n","protected":false},"author":1,"featured_media":0,"parent":0,"menu_order":0,"comment_status":"closed","ping_status":"closed","template":"","meta":{"footnotes":""},"class_list":["post-550","page","type-page","status-publish","hentry"],"_links":{"self":[{"href":"https:\/\/ag-unternehmensberatung.de\/home\/wp-json\/wp\/v2\/pages\/550","targetHints":{"allow":["GET"]}}],"collection":[{"href":"https:\/\/ag-unternehmensberatung.de\/home\/wp-json\/wp\/v2\/pages"}],"about":[{"href":"https:\/\/ag-unternehmensberatung.de\/home\/wp-json\/wp\/v2\/types\/page"}],"author":[{"embeddable":true,"href":"https:\/\/ag-unternehmensberatung.de\/home\/wp-json\/wp\/v2\/users\/1"}],"replies":[{"embeddable":true,"href":"https:\/\/ag-unternehmensberatung.de\/home\/wp-json\/wp\/v2\/comments?post=550"}],"version-history":[{"count":26,"href":"https:\/\/ag-unternehmensberatung.de\/home\/wp-json\/wp\/v2\/pages\/550\/revisions"}],"predecessor-version":[{"id":673,"href":"https:\/\/ag-unternehmensberatung.de\/home\/wp-json\/wp\/v2\/pages\/550\/revisions\/673"}],"wp:attachment":[{"href":"https:\/\/ag-unternehmensberatung.de\/home\/wp-json\/wp\/v2\/media?parent=550"}],"curies":[{"name":"wp","href":"https:\/\/api.w.org\/{rel}","templated":true}]}}