{"id":30,"date":"2024-04-24T15:58:52","date_gmt":"2024-04-24T15:58:52","guid":{"rendered":"https:\/\/ag-unternehmensberatung.de\/?page_id=30"},"modified":"2025-01-24T13:23:27","modified_gmt":"2025-01-24T13:23:27","slug":"impressum","status":"publish","type":"page","link":"https:\/\/ag-unternehmensberatung.de\/home\/impressum","title":{"rendered":"Impressum"},"content":{"rendered":"\n<p class=\"has-custom-dunkles-blau-color has-background-background-color has-text-color has-background has-link-color has-roboto-font-family has-tiny-font-size wp-elements-bb7efb8507dd103d5fb6c7787e4e56c3\">Alle Rechte vorbehalten. Der Inhalt dieser Websites darf nicht f\u00fcr kommerzielle Zwecke kopiert, verbreite, ver\u00e4ndert oder Dritten&nbsp;zug\u00e4nglich&nbsp;gemacht werden.<br>Ungeachtet dessen, d\u00fcrfen Informationen, Bilder, Markennamen und sonstige Inhalte dieser Website ohne vorherige schriftliche Genehmigung weder&nbsp;ver\u00e4ndert, kopiert, vervielf\u00e4ltigt,&nbsp;verkauft, vermietet, genutzt oder sonst wie verwertet werden.<\/p>\n\n\n\n<p class=\"has-custom-dunkles-blau-color has-background-background-color has-text-color has-background has-link-color has-roboto-font-family has-tiny-font-size wp-elements-dc0410cf2d491b2d217da700226494f9\"><strong>Geltungsbereich<\/strong><br>https:\/\/www.ag-unternehmensberatung.de<br>https:\/\/www.facebook.com\/AlexandraGerhardt.AG.Unternehmensberatung<br>https:\/\/www.linkedin.com\/in\/alexandra-gerhardt-botzian-082ab8288\/<br>https:\/\/www.xing.com\/profile\/Alexandra_GerhardtBotzian<\/p>\n\n\n\n<p class=\"has-custom-dunkles-blau-color has-white-background-color has-text-color has-background has-link-color has-roboto-font-family has-tiny-font-size wp-elements-a765d171fcf7008a3305da3c1639439b\"><strong>Angaben gem\u00e4\u00df DDG vormals \u00a7 5 TMG<\/strong><br>Dipl. Kff. Alexandra Gerhardt-Botzian<br>AG-Unternehmensberatung<br>Bahnhofstra\u00dfe 2<br>55234 Bechtolsheim<br>fon: 06733-949 767<br>Kontakt(at)alexandragerhardt.de<\/p>\n\n\n\n<p class=\"has-custom-dunkles-blau-color has-white-background-color has-text-color has-background has-link-color has-roboto-font-family has-tiny-font-size wp-elements-d1bec993c4c4e30dee90bdbda01f5d06\">Umsatzsteuer-Identifikationsnummer<br>alt 0322611633 seit 2011 g\u00fcltig 0301942067 seit 2012 g\u00fcltig 0322607176 seit 2018 g\u00fcltig 0822662836 <br>Alexandra Gerhardt Stressmanagement &amp; Coaching ist Teil der AG-Unternehmensberatung<\/p>\n\n\n\n<p class=\"has-custom-dunkles-blau-color has-white-background-color has-text-color has-background has-link-color has-roboto-font-family has-tiny-font-size wp-elements-0d19f088dc9e98d6a89181ec6d49cee0\"><strong>Verantwortlich f\u00fcr den Inhalt nach \u00a7 55 Abs. 2 RStV<\/strong><br>Alexandra Gerhardt-Botzian<br>Adresse siehe oben<br><br>Zust\u00e4ndige Regulierungs- und Aufsichtsbeh\u00f6rde: Medienanstalt Rheinlandpfalz, Turmstra\u00dfe 10, 67059 Ludwigshafen, https:\/\/medienanstalt-rlp.de\/, Tel.: +49 621 5202-0, mail(at)medienanstalt-rlp.de<br><br><strong>Bilder<\/strong><br>Die meisten Bilder f\u00fcr diese Seite hat der wunderbare Jan Weber gemacht.<br>Ganz herzlichen Dank f\u00fcr das tolle Shooting. www.janweber.photography<\/p>\n\n\n\n<p class=\"has-custom-dunkles-blau-color has-white-background-color has-text-color has-background has-link-color has-roboto-font-family has-tiny-font-size wp-elements-d70dc8f9c54d2a54055e7f1570cc92fc\"><strong>Streitschlichtung<\/strong><br>Die Europ\u00e4ische Kommission stellt eine Plattform zur Online-Streitbeilegung (OS) bereit: https:\/\/ec.europa.eu\/consumers\/odr. Unsere E-Mail-Adresse finden Sie oben im Impressum. Wir sind nicht bereit oder verpflichtet, an Streitbeilegungsverfahren vor einer Verbraucherschlichtungsstelle teilzunehmen.<\/p>\n\n\n\n<p class=\"has-custom-dunkles-blau-color has-white-background-color has-text-color has-background has-link-color has-roboto-font-family has-tiny-font-size wp-elements-0c6cc394c0878e5723287e8e5dfec442\"><strong>Haftung f\u00fcr Inhalte<\/strong><br>Als Diensteanbieter sind wir gem\u00e4\u00df DDG Digitales Dienste Gesetz vormals  \u00a7 7 Abs.1 TMG f\u00fcr eigene Inhalte auf diesen Seiten nach den allgemeinen Gesetzen verantwortlich. Nach DDG vormals  \u00a7\u00a7 8 bis 10 TMG sind wir als Diensteanbieter jedoch nicht verpflichtet, \u00fcbermittelte oder gespeicherte fremde Informationen zu \u00fcberwachen oder nach Umst\u00e4nden zu forschen, die auf eine rechtswidrige T\u00e4tigkeit hinweisen.<\/p>\n\n\n\n<p class=\"has-custom-dunkles-blau-color has-white-background-color has-text-color has-background has-link-color has-roboto-font-family has-tiny-font-size wp-elements-868589b31a8a4aa07caebec3d26b6616\">Verpflichtungen zur Entfernung oder Sperrung der Nutzung von Informationen nach den allgemeinen Gesetzen bleiben hiervon unber\u00fchrt. Eine diesbez\u00fcgliche Haftung ist jedoch erst ab dem Zeitpunkt der Kenntnis einer konkreten Rechtsverletzung m\u00f6glich. Bei Bekanntwerden von entsprechenden Rechtsverletzungen werden wir diese Inhalte umgehend entfernen.<\/p>\n\n\n\n<p class=\"has-custom-dunkles-blau-color has-white-background-color has-text-color has-background has-link-color has-roboto-font-family has-tiny-font-size wp-elements-5c6a3f067977ead1fcf4b42b56f9e9bb\"><strong>Haftung f\u00fcr Links<\/strong><br>Unser Angebot enth\u00e4lt Links zu externen Websites Dritter, auf deren Inhalte wir keinen Einfluss haben. Deshalb k\u00f6nnen wir f\u00fcr diese fremden Inhalte auch keine Gew\u00e4hr \u00fcbernehmen. F\u00fcr die Inhalte der verlinkten Seiten ist stets der jeweilige Anbieter oder Betreiber der Seiten verantwortlich. Die verlinkten Seiten wurden zum Zeitpunkt der Verlinkung auf m\u00f6gliche Rechtsverst\u00f6\u00dfe \u00fcberpr\u00fcft. Rechtswidrige Inhalte waren zum Zeitpunkt der Verlinkung nicht erkennbar.<br><br>Eine permanente inhaltliche Kontrolle der verlinkten Seiten ist jedoch ohne konkrete Anhaltspunkte einer Rechtsverletzung nicht zumutbar. Bei Bekanntwerden von Rechtsverletzungen werden wir derartige Links umgehend entfernen.<\/p>\n\n\n\n<p class=\"has-custom-dunkles-blau-color has-white-background-color has-text-color has-background has-link-color has-roboto-font-family has-tiny-font-size wp-elements-f76c3720674bade987a39f8f2ea8ee34\"><strong>Urheberrecht<\/strong><br>Die durch die Seitenbetreiber erstellten Inhalte und Werke auf diesen Seiten unterliegen dem deutschen Urheberrecht. Die Vervielf\u00e4ltigung, Bearbeitung, Verbreitung und jede Art der Verwertung au\u00dferhalb der Grenzen des Urheberrechtes bed\u00fcrfen der schriftlichen Zustimmung des jeweiligen Autors bzw. Erstellers. Downloads und Kopien dieser Seite sind nur f\u00fcr den privaten, nicht kommerziellen Gebrauch gestattet.<\/p>\n\n\n\n<p class=\"has-custom-dunkles-blau-color has-white-background-color has-text-color has-background has-link-color has-roboto-font-family has-tiny-font-size wp-elements-6878e09a079001cc845440f177ffb085\">Soweit die Inhalte auf dieser Seite nicht vom Betreiber erstellt wurden, werden die Urheberrechte Dritter beachtet. Insbesondere werden Inhalte Dritter als solche gekennzeichnet. Sollten Sie trotzdem auf eine Urheberrechtsverletzung aufmerksam werden, bitten wir um einen entsprechenden Hinweis. Bei Bekanntwerden von Rechtsverletzungen werden wir derartige Inhalte umgehend entfernen.<\/p>\n\n\n\n<p class=\"has-custom-dunkles-blau-color has-white-background-color has-text-color has-background has-link-color wp-elements-76225d06da0b88b3c6facac6421cf14e\">Quelle: <a href=\"https:\/\/www.e-recht24.de\">e-recht24.de<\/a><\/p>\n","protected":false},"excerpt":{"rendered":"<p>Alle Rechte vorbehalten. Der Inhalt dieser Websites darf nicht f\u00fcr kommerzielle Zwecke kopiert, verbreite, ver\u00e4ndert [&hellip;]<\/p>\n","protected":false},"author":1,"featured_media":0,"parent":0,"menu_order":0,"comment_status":"closed","ping_status":"closed","template":"","meta":{"footnotes":""},"class_list":["post-30","page","type-page","status-publish","hentry"],"_links":{"self":[{"href":"https:\/\/ag-unternehmensberatung.de\/home\/wp-json\/wp\/v2\/pages\/30","targetHints":{"allow":["GET"]}}],"collection":[{"href":"https:\/\/ag-unternehmensberatung.de\/home\/wp-json\/wp\/v2\/pages"}],"about":[{"href":"https:\/\/ag-unternehmensberatung.de\/home\/wp-json\/wp\/v2\/types\/page"}],"author":[{"embeddable":true,"href":"https:\/\/ag-unternehmensberatung.de\/home\/wp-json\/wp\/v2\/users\/1"}],"replies":[{"embeddable":true,"href":"https:\/\/ag-unternehmensberatung.de\/home\/wp-json\/wp\/v2\/comments?post=30"}],"version-history":[{"count":5,"href":"https:\/\/ag-unternehmensberatung.de\/home\/wp-json\/wp\/v2\/pages\/30\/revisions"}],"predecessor-version":[{"id":704,"href":"https:\/\/ag-unternehmensberatung.de\/home\/wp-json\/wp\/v2\/pages\/30\/revisions\/704"}],"wp:attachment":[{"href":"https:\/\/ag-unternehmensberatung.de\/home\/wp-json\/wp\/v2\/media?parent=30"}],"curies":[{"name":"wp","href":"https:\/\/api.w.org\/{rel}","templated":true}]}}