{"id":252,"date":"2024-04-30T14:12:19","date_gmt":"2024-04-30T14:12:19","guid":{"rendered":"https:\/\/ag-unternehmensberatung.de\/home\/?page_id=252"},"modified":"2024-09-02T14:37:29","modified_gmt":"2024-09-02T14:37:29","slug":"ueber-mich","status":"publish","type":"page","link":"https:\/\/ag-unternehmensberatung.de\/home\/ueber-mich","title":{"rendered":"\u00dcber mich"},"content":{"rendered":"\n<div style=\"height:40px\" aria-hidden=\"true\" class=\"wp-block-spacer\"><\/div>\n\n\n\n<div class=\"wp-block-columns is-layout-flex wp-container-core-columns-is-layout-c6a03c77 wp-block-columns-is-layout-flex\" style=\"padding-right:var(--wp--preset--spacing--80);padding-left:var(--wp--preset--spacing--80)\">\n<div class=\"wp-block-column is-layout-flow wp-block-column-is-layout-flow\" style=\"flex-basis:66.66%\">\n<h2 class=\"wp-block-heading has-custom-dunkles-blau-color has-white-background-color has-text-color has-background has-link-color has-bad-script-font-family wp-elements-b21f7ef3b9d465baadb02d7c6550d29a\" style=\"font-size:24px\">Meine Profession<\/h2>\n\n\n\n<p class=\"has-roboto-font-family\">Schon lange vor meiner beruflichen Laufbahn faszinierte mich die Arbeit mit Menschen. Bereits als Jugendliche \u00fcbernahm ich bei den Pfadfindern Verantwortung in der Gruppenf\u00fchrung und besch\u00e4ftigte mich mit der Entwicklung von Potentialen bei den mir anvertrauten Kindern und Jugendlichen.<br><br>Mit der Idee Marketingkonzepte auf das Thema Personal zu \u00fcbertragen und nachhaltige Personalpolitik zu betreiben, studierte ich in Frankfurt a. M. Betriebswirtschaft, mit den Schwerpunkten Personal, Marketing und Arbeitsrecht. Zeitgleich absolvierte ich die Weiterbildung zum Personalfachassistenten (DGFP).<br><br>Nach einschl\u00e4gigen Erfahrungen in der Wirtschaft (Executive Search f\u00fcr IT &amp; Telekommunikation,\u00a0Personalabteilung im Bankensektor, Assistenz des Vorstand einer Bank) gr\u00fcndete ich 2001 die \u201eAG-Unternehmensberatung &#8211; Alexandra Gerhardt\u201c und berate seitdem kleine und mittelst\u00e4ndische Unternehmen zu betriebswirtschaftlichen Themen wie Existenzgr\u00fcndung, Finanzierung, Arbeitsorganisation, QM, Personalmarketing.<br><br>Da das Thema Personal und F\u00fchrung so unendlich vielseitig ist, folgten zahlreiche Weiterbildungen zu Themen wie Ver\u00e4nderungsmanagement, Feedback als F\u00fchrungsinstrument, Sicher &amp; gesund f\u00fchren, betriebliches Gesundheitsmanagement, Kommunikation, Konfliktgespr\u00e4che leiten, alternsgerechtes Arbeiten, Arbeitsschutz, psychische Belastung&#8230;.<br>Nat\u00fcrlich auch viel Selbststudium zu agilen Arbeiten, sich selbst f\u00fchrenden Teams und F\u00fchrung an sich. <br><br>Trotz dieser umfangreichen F\u00e4higkeiten fehlte mir aber immer ein Puzzlest\u00fcck. Die individuelle Arbeit mit dem einzelnen Menschen. <br>Besonders betroffen und hilflos hat mich ein Kunde gemacht, welcher in ein Burnout rutschte und mir an dieser Stelle die H\u00e4nde schlichtweg gebunden waren. Das wollte ich \u00e4ndern.<br><br>Somit nutzte ich die Gelegenheit und absolvierte das weiterf\u00fchrende Studium zum Stress- &amp; Mental-Coach (IST) und legte zugleich die Kursleiter-Lizenzen f\u00fcr Autogenes Training und Progressive Muskelrelaxation ab.<\/p>\n\n\n\n<p class=\"has-roboto-font-family\">2004-2007 durfte ich als Beraterin das Expertenforum des Bundesministeriums f\u00fcr Wirtschaft &amp; Technologie mit meiner Expertise unterst\u00fctzen. Bis 2022 war ich zugelassen f\u00fcr das F\u00f6rderprogramm Unternehmenswert Mensch. Aktuell bin ich als Berater akkreditiert beim RKW-Hessen, Bafa, KfW, Wirtschaftsf\u00f6rderung NRW. <br><br>Bis zum Januar 2024 war ich Beisitzerin bei der HWK f\u00fcr den Meisterpr\u00fcfungsausschuss f\u00fcr Rheinland-Pfalz und Dozentin.<\/p>\n\n\n\n<p class=\"has-roboto-font-family\"><br><\/p>\n<\/div>\n\n\n\n<div class=\"wp-block-column is-layout-flow wp-block-column-is-layout-flow\" style=\"flex-basis:33.33%\">\n<div style=\"height:112px\" aria-hidden=\"true\" class=\"wp-block-spacer\"><\/div>\n\n\n\n<figure class=\"wp-block-image size-large has-custom-border\"><img loading=\"lazy\" decoding=\"async\" width=\"1024\" height=\"683\" src=\"https:\/\/ag-unternehmensberatung.de\/wp-content\/uploads\/2024\/04\/AICutout_wm89-dunkelblau-1024x683.png\" alt=\"\" class=\"wp-image-279\" style=\"border-radius:5px\" srcset=\"https:\/\/ag-unternehmensberatung.de\/wp-content\/uploads\/2024\/04\/AICutout_wm89-dunkelblau-1024x683.png 1024w, https:\/\/ag-unternehmensberatung.de\/wp-content\/uploads\/2024\/04\/AICutout_wm89-dunkelblau-300x200.png 300w, https:\/\/ag-unternehmensberatung.de\/wp-content\/uploads\/2024\/04\/AICutout_wm89-dunkelblau-768x512.png 768w, https:\/\/ag-unternehmensberatung.de\/wp-content\/uploads\/2024\/04\/AICutout_wm89-dunkelblau-1536x1025.png 1536w, https:\/\/ag-unternehmensberatung.de\/wp-content\/uploads\/2024\/04\/AICutout_wm89-dunkelblau.png 2000w\" sizes=\"auto, (max-width: 1024px) 100vw, 1024px\" \/><\/figure>\n<\/div>\n<\/div>\n\n\n\n<div style=\"height:50px\" aria-hidden=\"true\" class=\"wp-block-spacer\"><\/div>\n\n\n\n<p class=\"has-text-align-center has-white-color has-custom-dunkles-blau-background-color has-text-color has-background has-link-color has-bad-script-font-family wp-elements-bd85555be619f59958f69b1d9e2f4a4a\" style=\"margin-top:0;margin-right:0;margin-bottom:0;margin-left:0;padding-top:var(--wp--preset--spacing--40);padding-right:0;padding-bottom:var(--wp--preset--spacing--40);padding-left:0;font-size:24px;line-height:1.26;text-transform:none\">Focussiere Dich auf die L\u00f6sung, nicht auf das Problem.<\/p>\n\n\n\n<div style=\"height:40px\" aria-hidden=\"true\" class=\"wp-block-spacer\"><\/div>\n\n\n\n<div style=\"height:40px\" aria-hidden=\"true\" class=\"wp-block-spacer\"><\/div>\n\n\n\n<div class=\"wp-block-columns is-layout-flex wp-container-core-columns-is-layout-28f84493 wp-block-columns-is-layout-flex\">\n<div class=\"wp-block-column is-layout-flow wp-block-column-is-layout-flow\">\n<p class=\"has-text-align-center has-roboto-font-family\">Schauen Sie Sich mein Angebot an<\/p>\n\n\n\n<div class=\"wp-block-buttons is-content-justification-center is-layout-flex wp-container-core-buttons-is-layout-45d2a5c3 wp-block-buttons-is-layout-flex\" style=\"margin-top:var(--wp--preset--spacing--40);margin-bottom:var(--wp--preset--spacing--40)\">\n<div class=\"wp-block-button\"><a class=\"wp-block-button__link has-text-align-center wp-element-button\" href=\"https:\/\/ag-unternehmensberatung.de\/home\/angebot\">Mein Angebot<\/a><\/div>\n<\/div>\n<\/div>\n\n\n\n<div class=\"wp-block-column is-layout-flow wp-block-column-is-layout-flow\">\n<p class=\"has-text-align-center has-roboto-font-family\">oder vereinbaren direkt ein erstes Gespr\u00e4ch mit mir. <\/p>\n\n\n\n<div class=\"wp-block-buttons is-content-justification-center is-layout-flex wp-container-core-buttons-is-layout-a6d9f191 wp-block-buttons-is-layout-flex\" style=\"margin-top:var(--wp--preset--spacing--40);margin-bottom:var(--wp--preset--spacing--40)\">\n<div class=\"wp-block-button\"><a class=\"wp-block-button__link wp-element-button\" href=\"mailto:Info@ag-unternehmensberatung.de\">Unverbindliches Kennenlernen<\/a><\/div>\n<\/div>\n<\/div>\n<\/div>\n\n\n\n<div style=\"height:50px\" aria-hidden=\"true\" class=\"wp-block-spacer\"><\/div>\n\n\n\n<div class=\"wp-block-columns is-layout-flex wp-container-core-columns-is-layout-c6a03c77 wp-block-columns-is-layout-flex\" style=\"padding-right:var(--wp--preset--spacing--80);padding-left:var(--wp--preset--spacing--80)\">\n<div class=\"wp-block-column is-layout-flow wp-block-column-is-layout-flow\" style=\"flex-basis:33.33%\">\n<div style=\"height:112px\" aria-hidden=\"true\" class=\"wp-block-spacer\"><\/div>\n\n\n\n<figure class=\"wp-block-image size-large has-custom-border\"><img loading=\"lazy\" decoding=\"async\" width=\"1024\" height=\"769\" src=\"https:\/\/ag-unternehmensberatung.de\/wp-content\/uploads\/2024\/04\/handshake-3298455_1920-1024x769.jpg\" alt=\"\" class=\"wp-image-448\" style=\"border-radius:5px\" srcset=\"https:\/\/ag-unternehmensberatung.de\/wp-content\/uploads\/2024\/04\/handshake-3298455_1920-1024x769.jpg 1024w, https:\/\/ag-unternehmensberatung.de\/wp-content\/uploads\/2024\/04\/handshake-3298455_1920-300x225.jpg 300w, https:\/\/ag-unternehmensberatung.de\/wp-content\/uploads\/2024\/04\/handshake-3298455_1920-768x576.jpg 768w, https:\/\/ag-unternehmensberatung.de\/wp-content\/uploads\/2024\/04\/handshake-3298455_1920-1536x1153.jpg 1536w, https:\/\/ag-unternehmensberatung.de\/wp-content\/uploads\/2024\/04\/handshake-3298455_1920.jpg 1920w\" sizes=\"auto, (max-width: 1024px) 100vw, 1024px\" \/><\/figure>\n<\/div>\n\n\n\n<div class=\"wp-block-column is-layout-flow wp-block-column-is-layout-flow\" style=\"flex-basis:66.66%\">\n<h2 class=\"wp-block-heading has-custom-dunkles-blau-color has-white-background-color has-text-color has-background has-link-color has-bad-script-font-family wp-elements-569f3201a8834d6a555468cedcd0306f\" style=\"font-size:24px\">Mein Beratungsverst\u00e4ndnis<\/h2>\n\n\n\n<p class=\"has-roboto-font-family\">Der beste Experte f\u00fcr Ihr Unternehmen sind Sie selbst und die Mitarbeiter des Unternehmens. <\/p>\n\n\n\n<p class=\"has-roboto-font-family\">Ich unterst\u00fctze Sie und das Unternehmen wo n\u00f6tig mit meiner Expertise. Mein Ziel ist es, dass Sie als Unternehmer\/-in, als Team und als Unternehmen das neue Wissen und die gewonnenen F\u00e4higkeiten auf zuk\u00fcnftige Fragestellungen \u00fcbertragen k\u00f6nnen. <\/p>\n\n\n\n<p class=\"has-roboto-font-family\">Als Berater  &amp; Coach kann ich Sie dabei begleiten Ressourcen (wieder) zu entdecken, aufzubauen und in neuen Situationen einzusetzen. Sie als Unternehmer\/ -in und das Team entscheidet zu jeder Zeit, welchen Weg es gehen m\u00f6chte. <\/p>\n\n\n\n<p class=\"has-roboto-font-family\">Entwicklung ben\u00f6tigt Zeit. Sie und das Team bestimmen, in welchem Tempo Sie gehen m\u00f6chten. Ich unterst\u00fctze Sie mit geeigneten Meilensteinen, damit Sie Ihren Weg nicht aus den Augen verlieen und auch herausfordernde Passagen sicher St\u00fcck f\u00fcr St\u00fcck meistern.<\/p>\n\n\n\n<p class=\"has-roboto-font-family\">Ver\u00e4nderungen sind nicht immer leicht und passieren in einem Kontext. Gemeinsam betrachten wir den Kontext und dessen m\u00f6gliche Reaktionen auf die Ver\u00e4nderungen. Ziel ist es immer, die Ver\u00e4nderungen umzusetzen und dauerhaft zu verankern.<\/p>\n\n\n\n<p class=\"has-roboto-font-family\"><\/p>\n\n\n\n<p><\/p>\n\n\n\n<p><br><\/p>\n<\/div>\n<\/div>\n\n\n\n<div style=\"height:50px\" aria-hidden=\"true\" class=\"wp-block-spacer\"><\/div>\n\n\n\n<p class=\"has-text-align-center has-white-color has-custom-dunkles-blau-background-color has-text-color has-background has-link-color has-bad-script-font-family wp-elements-e8e78d3159128a194fc685371ab3437b\" style=\"margin-top:0;margin-right:0;margin-bottom:0;margin-left:0;padding-top:var(--wp--preset--spacing--40);padding-right:0;padding-bottom:var(--wp--preset--spacing--40);padding-left:0;font-size:24px;line-height:1.26;text-transform:none\">Die Basis unserer Zusammenarbeit bilden Freiwilligkeit, Vertrauen, Offenheit und gegenseitige Wertsch\u00e4tzung<\/p>\n\n\n\n<div style=\"height:40px\" aria-hidden=\"true\" class=\"wp-block-spacer\"><\/div>\n\n\n\n<div style=\"height:50px\" aria-hidden=\"true\" class=\"wp-block-spacer\"><\/div>\n\n\n\n<div class=\"wp-block-columns is-layout-flex wp-container-core-columns-is-layout-28f84493 wp-block-columns-is-layout-flex\">\n<div class=\"wp-block-column is-layout-flow wp-block-column-is-layout-flow\">\n<p class=\"has-text-align-center has-roboto-font-family\">Schauen Sie Sich mein Angebot an<\/p>\n\n\n\n<div class=\"wp-block-buttons is-content-justification-center is-layout-flex wp-container-core-buttons-is-layout-45d2a5c3 wp-block-buttons-is-layout-flex\" style=\"margin-top:var(--wp--preset--spacing--40);margin-bottom:var(--wp--preset--spacing--40)\">\n<div class=\"wp-block-button\"><a class=\"wp-block-button__link has-text-align-center wp-element-button\" href=\"https:\/\/ag-unternehmensberatung.de\/home\/angebot\">Mein Angebot<\/a><\/div>\n<\/div>\n<\/div>\n\n\n\n<div class=\"wp-block-column is-layout-flow wp-block-column-is-layout-flow\">\n<p class=\"has-text-align-center has-roboto-font-family\">oder vereinbaren direkt ein erstes Gespr\u00e4ch mit mir. <\/p>\n\n\n\n<div class=\"wp-block-buttons is-content-justification-center is-layout-flex wp-container-core-buttons-is-layout-a6d9f191 wp-block-buttons-is-layout-flex\" style=\"margin-top:var(--wp--preset--spacing--40);margin-bottom:var(--wp--preset--spacing--40)\">\n<div class=\"wp-block-button\"><a class=\"wp-block-button__link wp-element-button\" href=\"mailto:Info@ag-unternehmensberatung.de\">Unverbindliches Kennenlernen<\/a><\/div>\n<\/div>\n<\/div>\n<\/div>\n\n\n\n<div style=\"height:50px\" aria-hidden=\"true\" class=\"wp-block-spacer\"><\/div>\n\n\n\n<div class=\"wp-block-columns is-layout-flex wp-container-core-columns-is-layout-c6a03c77 wp-block-columns-is-layout-flex\" style=\"padding-right:var(--wp--preset--spacing--80);padding-left:var(--wp--preset--spacing--80)\">\n<div class=\"wp-block-column is-layout-flow wp-block-column-is-layout-flow\" style=\"flex-basis:66.66%\">\n<h2 class=\"wp-block-heading has-custom-dunkles-blau-color has-white-background-color has-text-color has-background has-link-color has-bad-script-font-family wp-elements-0352a59bfde479baa9e08919271b50a6\" style=\"font-size:24px\">7 Funfacts \u00fcber mich<\/h2>\n\n\n\n<p class=\"has-roboto-font-family\">Neben der Arbeit als Unternehmensberaterin coache ich auch Privatpersonen. F\u00fcr diese biete ich neben (Online-) Coachings, digitale Produkte und Entspannungskurse an.<\/p>\n\n\n\n<p class=\"has-roboto-font-family\">B\u00fccher sind eine Leidenschaft. Zum Leidwesen meiner Familie liegen die hier \u00fcberall im Haus herum. Meistens lese ich mehrere gleichzeitig.<\/p>\n\n\n\n<p class=\"has-roboto-font-family\">Ferne, Fahrten, Abenteuer. Seit 2017 bin ich mit dem Lotti-Mobil einem Kastenwagen unterwegs. Meine gro\u00dfe Liebe ist Norwegen.<\/p>\n\n\n\n<p class=\"has-roboto-font-family\">Entspannen und abschalten kann ich am besten in der Natur. Morgens sitze ich gerne in meinem H\u00e4ngesessel unter dem Apfelbaum und genie\u00dfe den ersten Kaffee im Garten.<\/p>\n\n\n\n<p class=\"has-roboto-font-family\">Im tiefsten inneren meines Herzens bin und bleibe ich Pfadfinder. \u00dcber fast 12 Jahre durfte ich diese Arbeit machen und mit Kindern und Jugendlichen die Wunder der Natur erkunden.<\/p>\n\n\n\n<p class=\"has-roboto-font-family\">F\u00fcr warmen Schokopudding k\u00f6nnte ich sterben!<\/p>\n\n\n\n<p class=\"has-roboto-font-family\">Wenn ich viel Zeit habe, m\u00f6chte ich unbedingt einmal den Salzpfad in England wandern.<\/p>\n\n\n\n<p class=\"has-roboto-font-family\"><\/p>\n\n\n\n<p><\/p>\n\n\n\n<p><br><\/p>\n<\/div>\n\n\n\n<div class=\"wp-block-column is-layout-flow wp-block-column-is-layout-flow\" style=\"flex-basis:33.33%\">\n<div style=\"height:112px\" aria-hidden=\"true\" class=\"wp-block-spacer\"><\/div>\n\n\n\n<figure class=\"wp-block-image size-large has-custom-border\"><img loading=\"lazy\" decoding=\"async\" width=\"1024\" height=\"682\" src=\"https:\/\/ag-unternehmensberatung.de\/wp-content\/uploads\/2024\/04\/soap-bubble-4735506_1920-1024x682.jpg\" alt=\"\" class=\"wp-image-452\" style=\"border-radius:5px;object-fit:cover\" srcset=\"https:\/\/ag-unternehmensberatung.de\/wp-content\/uploads\/2024\/04\/soap-bubble-4735506_1920-1024x682.jpg 1024w, https:\/\/ag-unternehmensberatung.de\/wp-content\/uploads\/2024\/04\/soap-bubble-4735506_1920-300x200.jpg 300w, https:\/\/ag-unternehmensberatung.de\/wp-content\/uploads\/2024\/04\/soap-bubble-4735506_1920-768x511.jpg 768w, https:\/\/ag-unternehmensberatung.de\/wp-content\/uploads\/2024\/04\/soap-bubble-4735506_1920-1536x1022.jpg 1536w, https:\/\/ag-unternehmensberatung.de\/wp-content\/uploads\/2024\/04\/soap-bubble-4735506_1920.jpg 1920w\" sizes=\"auto, (max-width: 1024px) 100vw, 1024px\" \/><\/figure>\n<\/div>\n<\/div>\n\n\n\n<div style=\"height:50px\" aria-hidden=\"true\" class=\"wp-block-spacer\"><\/div>\n\n\n\n<p><\/p>\n","protected":false},"excerpt":{"rendered":"<p>Meine Profession Schon lange vor meiner beruflichen Laufbahn faszinierte mich die Arbeit mit Menschen. Bereits [&hellip;]<\/p>\n","protected":false},"author":1,"featured_media":0,"parent":0,"menu_order":0,"comment_status":"closed","ping_status":"closed","template":"","meta":{"footnotes":""},"class_list":["post-252","page","type-page","status-publish","hentry"],"_links":{"self":[{"href":"https:\/\/ag-unternehmensberatung.de\/home\/wp-json\/wp\/v2\/pages\/252","targetHints":{"allow":["GET"]}}],"collection":[{"href":"https:\/\/ag-unternehmensberatung.de\/home\/wp-json\/wp\/v2\/pages"}],"about":[{"href":"https:\/\/ag-unternehmensberatung.de\/home\/wp-json\/wp\/v2\/types\/page"}],"author":[{"embeddable":true,"href":"https:\/\/ag-unternehmensberatung.de\/home\/wp-json\/wp\/v2\/users\/1"}],"replies":[{"embeddable":true,"href":"https:\/\/ag-unternehmensberatung.de\/home\/wp-json\/wp\/v2\/comments?post=252"}],"version-history":[{"count":108,"href":"https:\/\/ag-unternehmensberatung.de\/home\/wp-json\/wp\/v2\/pages\/252\/revisions"}],"predecessor-version":[{"id":702,"href":"https:\/\/ag-unternehmensberatung.de\/home\/wp-json\/wp\/v2\/pages\/252\/revisions\/702"}],"wp:attachment":[{"href":"https:\/\/ag-unternehmensberatung.de\/home\/wp-json\/wp\/v2\/media?parent=252"}],"curies":[{"name":"wp","href":"https:\/\/api.w.org\/{rel}","templated":true}]}}