{"id":24,"date":"2024-04-24T15:05:29","date_gmt":"2024-04-24T15:05:29","guid":{"rendered":"https:\/\/ag-unternehmensberatung.de\/?page_id=24"},"modified":"2024-05-17T11:29:26","modified_gmt":"2024-05-17T11:29:26","slug":"home","status":"publish","type":"page","link":"https:\/\/ag-unternehmensberatung.de\/home\/","title":{"rendered":"Home"},"content":{"rendered":"\n<div style=\"height:20px\" aria-hidden=\"true\" class=\"wp-block-spacer\"><\/div>\n\n\n\n<figure class=\"wp-block-image aligncenter size-full is-resized\"><img loading=\"lazy\" decoding=\"async\" width=\"2560\" height=\"768\" src=\"https:\/\/ag-unternehmensberatung.de\/wp-content\/uploads\/2024\/04\/Cover-AGB-2-scaled.jpg\" alt=\"\" class=\"wp-image-216\" style=\"width:1600px\" srcset=\"https:\/\/ag-unternehmensberatung.de\/wp-content\/uploads\/2024\/04\/Cover-AGB-2-scaled.jpg 2560w, https:\/\/ag-unternehmensberatung.de\/wp-content\/uploads\/2024\/04\/Cover-AGB-2-300x90.jpg 300w, https:\/\/ag-unternehmensberatung.de\/wp-content\/uploads\/2024\/04\/Cover-AGB-2-1024x307.jpg 1024w, https:\/\/ag-unternehmensberatung.de\/wp-content\/uploads\/2024\/04\/Cover-AGB-2-768x230.jpg 768w, https:\/\/ag-unternehmensberatung.de\/wp-content\/uploads\/2024\/04\/Cover-AGB-2-1536x461.jpg 1536w, https:\/\/ag-unternehmensberatung.de\/wp-content\/uploads\/2024\/04\/Cover-AGB-2-2048x614.jpg 2048w\" sizes=\"auto, (max-width: 2560px) 100vw, 2560px\" \/><\/figure>\n\n\n\n<div style=\"height:20px\" aria-hidden=\"true\" class=\"wp-block-spacer\"><\/div>\n\n\n\n<div class=\"wp-block-columns has-custom-dunkles-blau-color has-white-background-color has-text-color has-background has-link-color wp-elements-1818ac138dc043e334c196769fd8ea77 is-layout-flex wp-container-core-columns-is-layout-edd80154 wp-block-columns-is-layout-flex\" style=\"margin-top:var(--wp--preset--spacing--20);margin-bottom:var(--wp--preset--spacing--20);padding-top:var(--wp--preset--spacing--20);padding-right:var(--wp--preset--spacing--80);padding-bottom:var(--wp--preset--spacing--20);padding-left:var(--wp--preset--spacing--80)\">\n<div class=\"wp-block-column has-white-background-color has-background is-layout-flow wp-container-core-column-is-layout-c4494575 wp-block-column-is-layout-flow\" style=\"padding-top:0;padding-right:var(--wp--preset--spacing--30);padding-bottom:0;padding-left:var(--wp--preset--spacing--30)\">\n<p class=\"has-text-align-center has-custom-dunkles-blau-color has-background-background-color has-text-color has-background has-link-color has-roboto-font-family wp-elements-a6733113d141b74cae073506c4c65476\" style=\"padding-top:0;padding-right:0;padding-bottom:0;padding-left:0;font-size:24px\"><strong>Organisationsberatung<\/strong><\/p>\n<\/div>\n\n\n\n<div class=\"wp-block-column is-layout-flow wp-container-core-column-is-layout-c4494575 wp-block-column-is-layout-flow\" style=\"padding-top:0;padding-right:var(--wp--preset--spacing--30);padding-bottom:0;padding-left:var(--wp--preset--spacing--30)\">\n<p class=\"has-text-align-center has-custom-dunkles-blau-color has-white-background-color has-text-color has-background has-link-color has-roboto-font-family wp-elements-c6f3ebf93c8386637044b52271ea395f\" style=\"padding-top:0;padding-right:0;padding-bottom:0;padding-left:0;font-size:24px\"><strong>Personalmarketing<\/strong><\/p>\n<\/div>\n\n\n\n<div class=\"wp-block-column has-custom-dunkles-blau-color has-background-background-color has-text-color has-background is-layout-flow wp-container-core-column-is-layout-c4494575 wp-block-column-is-layout-flow\" style=\"padding-top:0;padding-right:var(--wp--preset--spacing--30);padding-bottom:0;padding-left:var(--wp--preset--spacing--30)\">\n<p class=\"has-text-align-center has-custom-dunkles-blau-color has-background-background-color has-text-color has-background has-link-color has-roboto-font-family wp-elements-a269f9762a0446013ffd88c5059ca7ec\" style=\"padding-top:0;padding-right:0;padding-bottom:0;padding-left:0;font-size:24px\"><strong>Stressmanagement<\/strong><\/p>\n<\/div>\n\n\n\n<div class=\"wp-block-column is-layout-flow wp-container-core-column-is-layout-c4494575 wp-block-column-is-layout-flow\" style=\"padding-top:0;padding-right:var(--wp--preset--spacing--30);padding-bottom:0;padding-left:var(--wp--preset--spacing--30)\">\n<p class=\"has-text-align-center has-custom-dunkles-blau-color has-background-background-color has-text-color has-background has-link-color has-roboto-font-family wp-elements-6ff9f2a3c74371c31cda350e6cf1180c\" style=\"padding-top:0;padding-right:0;padding-bottom:0;padding-left:0;font-size:24px\"><strong>Coaching<\/strong><\/p>\n<\/div>\n<\/div>\n\n\n\n<div style=\"height:20px\" aria-hidden=\"true\" class=\"wp-block-spacer\"><\/div>\n\n\n\n<p class=\"has-text-align-center has-white-color has-custom-dunkles-blau-background-color has-text-color has-background has-link-color has-bad-script-font-family wp-elements-1c1e61403dd35fd3eb36714697544fc2\" style=\"margin-top:0;margin-right:0;margin-bottom:0;margin-left:0;padding-top:var(--wp--preset--spacing--40);padding-right:0;padding-bottom:var(--wp--preset--spacing--40);padding-left:0;font-size:24px;line-height:1.26;text-transform:none\">\u201eEin Unternehmen ist nur so gut wie die Menschen, die es ausmachen.\u201c \u2013 Mary Kay Ash<\/p>\n\n\n\n<div class=\"wp-block-group has-background-background-color has-background is-content-justification-center is-nowrap is-layout-flex wp-container-core-group-is-layout-23441af8 wp-block-group-is-layout-flex\">\n<div class=\"wp-block-group has-custom-dunkles-blau-color has-white-background-color has-text-color has-background has-link-color wp-elements-682dc2d325e1f04de6eefed3406c0d03 is-layout-constrained wp-container-core-group-is-layout-41c06ba8 wp-block-group-is-layout-constrained\">\n<div class=\"wp-block-columns is-not-stacked-on-mobile has-background-background-color has-background is-layout-flex wp-container-core-columns-is-layout-28f84493 wp-block-columns-is-layout-flex\">\n<div class=\"wp-block-column is-layout-flow wp-block-column-is-layout-flow\"><\/div>\n\n\n\n<div class=\"wp-block-column is-layout-flow wp-block-column-is-layout-flow\">\n<figure class=\"wp-block-image size-full\"><img loading=\"lazy\" decoding=\"async\" width=\"280\" height=\"300\" src=\"https:\/\/ag-unternehmensberatung.de\/wp-content\/uploads\/2024\/04\/Homepage-AGB2-Werte-2.jpg\" alt=\"\" class=\"wp-image-86\"\/><\/figure>\n<\/div>\n\n\n\n<div class=\"wp-block-column is-layout-flow wp-block-column-is-layout-flow\"><\/div>\n<\/div>\n\n\n\n<div class=\"wp-block-columns is-not-stacked-on-mobile has-background-background-color has-background is-layout-flex wp-container-core-columns-is-layout-28f84493 wp-block-columns-is-layout-flex\">\n<div class=\"wp-block-column is-layout-flow wp-block-column-is-layout-flow\">\n<figure class=\"wp-block-image aligncenter size-full\"><img loading=\"lazy\" decoding=\"async\" width=\"315\" height=\"245\" src=\"https:\/\/ag-unternehmensberatung.de\/wp-content\/uploads\/2024\/04\/Homepage-AGB2-Arbeitsumgebung-1.jpg\" alt=\"\" class=\"wp-image-89\" srcset=\"https:\/\/ag-unternehmensberatung.de\/wp-content\/uploads\/2024\/04\/Homepage-AGB2-Arbeitsumgebung-1.jpg 315w, https:\/\/ag-unternehmensberatung.de\/wp-content\/uploads\/2024\/04\/Homepage-AGB2-Arbeitsumgebung-1-300x233.jpg 300w\" sizes=\"auto, (max-width: 315px) 100vw, 315px\" \/><\/figure>\n<\/div>\n\n\n\n<div class=\"wp-block-column is-layout-flow wp-block-column-is-layout-flow\">\n<figure class=\"wp-block-image size-full\"><img loading=\"lazy\" decoding=\"async\" width=\"220\" height=\"245\" src=\"https:\/\/ag-unternehmensberatung.de\/wp-content\/uploads\/2024\/04\/Homepage-AGB-Stress-3.jpg\" alt=\"\" class=\"wp-image-94\"\/><\/figure>\n<\/div>\n\n\n\n<div class=\"wp-block-column is-layout-flow wp-block-column-is-layout-flow\">\n<figure class=\"wp-block-image aligncenter size-full\"><img loading=\"lazy\" decoding=\"async\" width=\"315\" height=\"245\" src=\"https:\/\/ag-unternehmensberatung.de\/wp-content\/uploads\/2024\/04\/Homepage-AGB2-Arbeitsorganisation.jpg\" alt=\"\" class=\"wp-image-53\" srcset=\"https:\/\/ag-unternehmensberatung.de\/wp-content\/uploads\/2024\/04\/Homepage-AGB2-Arbeitsorganisation.jpg 315w, https:\/\/ag-unternehmensberatung.de\/wp-content\/uploads\/2024\/04\/Homepage-AGB2-Arbeitsorganisation-300x233.jpg 300w\" sizes=\"auto, (max-width: 315px) 100vw, 315px\" \/><\/figure>\n<\/div>\n<\/div>\n\n\n\n<div class=\"wp-block-columns is-not-stacked-on-mobile has-background-background-color has-background is-layout-flex wp-container-core-columns-is-layout-28f84493 wp-block-columns-is-layout-flex\">\n<div class=\"wp-block-column is-layout-flow wp-block-column-is-layout-flow\">\n<figure class=\"wp-block-image size-full\"><img loading=\"lazy\" decoding=\"async\" width=\"300\" height=\"310\" src=\"https:\/\/ag-unternehmensberatung.de\/wp-content\/uploads\/2024\/04\/Homepage-AGB2-physische-Gesundheit-1.jpg\" alt=\"\" class=\"wp-image-92\" srcset=\"https:\/\/ag-unternehmensberatung.de\/wp-content\/uploads\/2024\/04\/Homepage-AGB2-physische-Gesundheit-1.jpg 300w, https:\/\/ag-unternehmensberatung.de\/wp-content\/uploads\/2024\/04\/Homepage-AGB2-physische-Gesundheit-1-290x300.jpg 290w\" sizes=\"auto, (max-width: 300px) 100vw, 300px\" \/><\/figure>\n<\/div>\n\n\n\n<div class=\"wp-block-column is-layout-flow wp-block-column-is-layout-flow\">\n<figure class=\"wp-block-image size-full\"><img loading=\"lazy\" decoding=\"async\" width=\"280\" height=\"310\" src=\"https:\/\/ag-unternehmensberatung.de\/wp-content\/uploads\/2024\/04\/Homepage-AGB2-Mitarbeitende.jpg\" alt=\"\" class=\"wp-image-56\" srcset=\"https:\/\/ag-unternehmensberatung.de\/wp-content\/uploads\/2024\/04\/Homepage-AGB2-Mitarbeitende.jpg 280w, https:\/\/ag-unternehmensberatung.de\/wp-content\/uploads\/2024\/04\/Homepage-AGB2-Mitarbeitende-271x300.jpg 271w\" sizes=\"auto, (max-width: 280px) 100vw, 280px\" \/><\/figure>\n<\/div>\n\n\n\n<div class=\"wp-block-column is-layout-flow wp-block-column-is-layout-flow\">\n<figure class=\"wp-block-image size-full\"><img loading=\"lazy\" decoding=\"async\" width=\"300\" height=\"310\" src=\"https:\/\/ag-unternehmensberatung.de\/wp-content\/uploads\/2024\/04\/Homepage-AGB2-psychische-Gesundheit.jpg\" alt=\"\" class=\"wp-image-55\" srcset=\"https:\/\/ag-unternehmensberatung.de\/wp-content\/uploads\/2024\/04\/Homepage-AGB2-psychische-Gesundheit.jpg 300w, https:\/\/ag-unternehmensberatung.de\/wp-content\/uploads\/2024\/04\/Homepage-AGB2-psychische-Gesundheit-290x300.jpg 290w\" sizes=\"auto, (max-width: 300px) 100vw, 300px\" \/><\/figure>\n<\/div>\n<\/div>\n<\/div>\n\n\n\n<p class=\"has-custom-dunkles-blau-color has-background-background-color has-text-color has-background has-link-color has-roboto-font-family has-tiny-font-size wp-elements-f66e2e5b91096a483b73d123e4f4385e\">Manchmal ist es an der Zeit Dinge zu ver\u00e4ndern. <br>Aktuell entsteht daher hier meine neue Firmenpr\u00e4senz mit einem Blog <br>f\u00fcr noch mehr Informationen und Service rund um die Themen <br>Arbeitsorganisation, gute F\u00fchrung, motiviertes Personal und gesundes Arbeiten. <br><br>Ich bitte m\u00f6gliche Einschr\u00e4nkungen und Tests zu entschuldigen. <br><br>Nach wie vor bin ich f\u00fcr Sie telefonisch oder per Email zu erreichen. <br><br>Ihre Alexandra Gerhardt-Botzian<\/p>\n<\/div>\n\n\n\n<div style=\"height:25px\" aria-hidden=\"true\" class=\"wp-block-spacer\"><\/div>\n\n\n\n<figure class=\"wp-block-pullquote has-text-align-center has-custom-dunkles-blau-color has-text-color has-link-color has-roboto-font-family has-normal-font-size wp-elements-1475bf88d70f41371a71c25363d82e4e\"><blockquote><p><strong>Jetzt F\u00f6rdermittel nutzen!<\/strong><br><strong>Beratungs- &amp; Coaching-F\u00f6rderung f\u00fcr junge Unternehmen (Start-ups) sowie kleine und mittlere hessische Unternehmen<\/strong><br><br>Als qualifizierter Berater arbeite ich mit dem RKW-Hessen zusammen, so dass meine Beratung bezuschusst werden kann. <br>Der Zuschuss zum Beratungshonorar betr\u00e4gt max. 400,- Euro je Tagewerk (max. 50 Prozent).<br>F\u00fcr alle F\u00f6rderprogramme k\u00f6nnen KMU insgesamt max. 15 Tagewerke F\u00f6rderung je Kalenderjahr in Anspruch nehmen.<br>Gef\u00f6rdert durch das Hessische Ministerium f\u00fcr Wirtschaft, Energie, Verkehr, Wohnen und l\u00e4ndlichen Raum.<\/p><\/blockquote><\/figure>\n\n\n\n<div style=\"height:25px\" aria-hidden=\"true\" class=\"wp-block-spacer\"><\/div>\n\n\n\n<div class=\"wp-block-columns is-layout-flex wp-container-core-columns-is-layout-28f84493 wp-block-columns-is-layout-flex\">\n<div class=\"wp-block-column is-layout-flow wp-block-column-is-layout-flow\">\n<div class=\"wp-block-buttons is-content-justification-center is-layout-flex wp-container-core-buttons-is-layout-a89b3969 wp-block-buttons-is-layout-flex\">\n<div class=\"wp-block-button\"><a class=\"wp-block-button__link wp-element-button\" href=\"Mailto:Info@ag-unternehmensberatung.de\">Kontaktieren Sie mich noch heute f\u00fcr ein kostenloses Erstgespr\u00e4ch.<\/a><\/div>\n<\/div>\n<\/div>\n<\/div>\n\n\n\n<div style=\"height:25px\" aria-hidden=\"true\" class=\"wp-block-spacer\"><\/div>\n\n\n\n<h2 class=\"wp-block-heading has-text-align-center has-roboto-font-family\" style=\"font-size:24px\">dAS SAGEN MEINE kUNDEN<\/h2>\n\n\n\n<div style=\"height:25px\" aria-hidden=\"true\" class=\"wp-block-spacer\"><\/div>\n\n\n\n<div class=\"wp-block-columns is-layout-flex wp-container-core-columns-is-layout-28f84493 wp-block-columns-is-layout-flex\">\n<div class=\"wp-block-column is-layout-flow wp-block-column-is-layout-flow\">\n<figure class=\"wp-block-image alignright size-medium is-resized\"><img loading=\"lazy\" decoding=\"async\" width=\"249\" height=\"300\" src=\"https:\/\/ag-unternehmensberatung.de\/wp-content\/uploads\/2024\/05\/Messtronic_logo-249x300.jpg\" alt=\"\" class=\"wp-image-694\" style=\"aspect-ratio:1;object-fit:cover;width:140px;height:auto\" srcset=\"https:\/\/ag-unternehmensberatung.de\/wp-content\/uploads\/2024\/05\/Messtronic_logo-249x300.jpg 249w, https:\/\/ag-unternehmensberatung.de\/wp-content\/uploads\/2024\/05\/Messtronic_logo.jpg 280w\" sizes=\"auto, (max-width: 249px) 100vw, 249px\" \/><\/figure>\n<\/div>\n\n\n\n<div class=\"wp-block-column is-content-justification-left is-layout-constrained wp-container-core-column-is-layout-12dd3699 wp-block-column-is-layout-constrained\">\n<p class=\"has-custom-dunkles-blau-color has-text-color has-link-color has-roboto-font-family wp-elements-daabd3c1e54a1fe40694c590f552ea9e\">Frau Gerhardt-Botzian ist ein Profi.<\/p>\n\n\n\n<p class=\"has-custom-dunkles-blau-color has-text-color has-link-color has-roboto-font-family wp-elements-7545ce399950c70a26182b750503cd53\">Wir arbeiten schon seit etlichen Jahren mit Ihr zusammen und <br>sind sehr zufrieden mit den Ergebnissen.<br>Die Kommunikation ist immer sehr positiv und zielf\u00fchrend.<br>Wir k\u00f6nnen Beratung &amp; Coaching bei Frau Gerhardt-Botzian nur weiterempfehlen.<\/p>\n<\/div>\n<\/div>\n\n\n\n<div style=\"height:25px\" aria-hidden=\"true\" class=\"wp-block-spacer\"><\/div>\n","protected":false},"excerpt":{"rendered":"<p>Organisationsberatung Personalmarketing Stressmanagement Coaching \u201eEin Unternehmen ist nur so gut wie die Menschen, die es [&hellip;]<\/p>\n","protected":false},"author":1,"featured_media":8,"parent":0,"menu_order":0,"comment_status":"closed","ping_status":"closed","template":"","meta":{"footnotes":""},"class_list":["post-24","page","type-page","status-publish","has-post-thumbnail","hentry"],"_links":{"self":[{"href":"https:\/\/ag-unternehmensberatung.de\/home\/wp-json\/wp\/v2\/pages\/24","targetHints":{"allow":["GET"]}}],"collection":[{"href":"https:\/\/ag-unternehmensberatung.de\/home\/wp-json\/wp\/v2\/pages"}],"about":[{"href":"https:\/\/ag-unternehmensberatung.de\/home\/wp-json\/wp\/v2\/types\/page"}],"author":[{"embeddable":true,"href":"https:\/\/ag-unternehmensberatung.de\/home\/wp-json\/wp\/v2\/users\/1"}],"replies":[{"embeddable":true,"href":"https:\/\/ag-unternehmensberatung.de\/home\/wp-json\/wp\/v2\/comments?post=24"}],"version-history":[{"count":89,"href":"https:\/\/ag-unternehmensberatung.de\/home\/wp-json\/wp\/v2\/pages\/24\/revisions"}],"predecessor-version":[{"id":695,"href":"https:\/\/ag-unternehmensberatung.de\/home\/wp-json\/wp\/v2\/pages\/24\/revisions\/695"}],"wp:featuredmedia":[{"embeddable":true,"href":"https:\/\/ag-unternehmensberatung.de\/home\/wp-json\/wp\/v2\/media\/8"}],"wp:attachment":[{"href":"https:\/\/ag-unternehmensberatung.de\/home\/wp-json\/wp\/v2\/media?parent=24"}],"curies":[{"name":"wp","href":"https:\/\/api.w.org\/{rel}","templated":true}]}}